{"id":2118,"date":"2023-02-01T11:52:17","date_gmt":"2023-02-01T10:52:17","guid":{"rendered":"https:\/\/ihatedesign.io\/?page_id=2118"},"modified":"2023-02-08T20:02:18","modified_gmt":"2023-02-08T19:02:18","slug":"global-design-agency","status":"publish","type":"page","link":"https:\/\/ihatedesign.io\/en\/global-design-agency\/","title":{"rendered":"Global Design Agency"},"content":{"rendered":"<p>I Hate Design Agency (IHD) helps to provide assistance to start-ups and SMEs where they need it most, due to their restricted size. The agency thus enables these companies to benefit from the services of a Design Director and an approach to design management whose success stems from the fostering of long-term partnerships.<\/p>\n<p>We firmly believe in the potential of a complete approach revolving around all the key axes of design (digital, graphic, product, services\u2026). Our ability to ascertain coherence between the various design sub-specialties enables us to provide valuable support to our clients\u2019 board of directors, executives or marketing departments and help them define their priorities and thus set up a long-term strategy\u2026 the key to success.<\/p>\n<p><img loading=\"lazy\" class=\"alignnone size-full wp-image-725\" src=\"https:\/\/ihatedesign.io\/wp-content\/uploads\/2020\/01\/ihd-ihatedesign-services-us-31.png\" alt=\"Design Strategy by I Hate Design\" width=\"526\" height=\"223\"><\/p>\n<p>We optimize the input provided by each contributor and hence budget projects over 3, 4 or 5 years by sequencing work into phases. As well as setting up web services to optimize the development of the various concepts, we always recommend involving several of our clients\u2019 employees, and not only at management level.<\/p>\n<p><a href=\"https:\/\/ihatedesign.io\/wp-content\/uploads\/2015\/10\/ihd-ihatedesign-design_ladder-us-1.png\" data-rel=\"lightbox-image-0\" data-rl_title=\"\" data-rl_caption=\"\" title=\"\"><img loading=\"lazy\" class=\"alignnone size-full wp-image-736\" src=\"https:\/\/ihatedesign.io\/wp-content\/uploads\/2015\/10\/ihd-ihatedesign-design_ladder-us-1.png\" alt=\"I Hate Design: design ladder\" width=\"526\" height=\"338\" srcset=\"https:\/\/ihatedesign.io\/wp-content\/uploads\/2015\/10\/ihd-ihatedesign-design_ladder-us-1.png 526w, https:\/\/ihatedesign.io\/wp-content\/uploads\/2015\/10\/ihd-ihatedesign-design_ladder-us-1-300x193.png 300w, https:\/\/ihatedesign.io\/wp-content\/uploads\/2015\/10\/ihd-ihatedesign-design_ladder-us-1-140x90.png 140w, https:\/\/ihatedesign.io\/wp-content\/uploads\/2015\/10\/ihd-ihatedesign-design_ladder-us-1-375x241.png 375w\" sizes=\"(max-width: 526px) 100vw, 526px\" \/><\/a><\/p>\n<p>We are constantly striving to optimize our service based on the experience acquired from working on our various projects in the United States with <a href=\"https:\/\/ihatedesign.io\/en\/portfolio\/the-food-innovation-nexus-2\/\">The FIX<\/a>, <a href=\"https:\/\/ihatedesign.io\/en\/portfolio\/firstworks\/\">FirstWorks<\/a> or <a href=\"https:\/\/ihatedesign.io\/en\/portfolio\/p2link\/\">P2link<\/a> for instance, as well as in France. By surrounding ourselves with professionals specialized in web, graphic, product and interior design as well as fashion and consulting, IHD has the scope of expertise required to manage projects for clients in the services, healthcare, industrial or <a href=\"https:\/\/ihatedesign.io\/en\/portfolio\/bocuse-d-or\/\">culinary arts<\/a>.<\/p>\n<p>Working with a Design Director and setting up a design management policy is of crucial importance when it comes to developing a business with a modern outlook. Design strategy is nowadays what enables a company to stand out.<\/p>\n<h2>A designers &amp; partners network<\/h2>\n\n\n<div class=\"equipe\">\n<div class=\"description\">\n<h3>Marc MOLON<\/h3>\n<h4>Global Designer<\/h4>\nDrawing on extensive Design Office and Industrial Design (Rubika) experience, Marc has created or co-created a range of design agencies and companies in the digital and medical sectors. His role as Design Director is to work with clients either alone or with a team of experienced multidisciplinary designers. Marc is the founder of I Hate Design.<br>\n<strong>Expertise: global design, services, identity, products, UX-UI, motion<\/strong><br>\n<strong>Experience: + 25 years<\/strong><br>\n<strong><a href=\"https:\/\/ihatedesign.io\/\/\" target=\"_blank\" rel=\"noopener\">ihatedesign.io<\/a><\/strong>\n<\/div>\n<div class=\"photo\">\n<img loading=\"lazy\" src=\"https:\/\/ihatedesign.io\/wp-content\/uploads\/2023\/01\/designer-global-marc-molon-ihd-01-L-1.jpg\" width=\"768\" height=\"791\" alt=\"Marc Molon - CDO - Designer Global\">\n<\/div>\n<\/div>\n\n\n\n<div class=\"equipe\">\n<div class=\"description\">\n<h3>Michael ALLIO<\/h3>\n<h4>Practical Strategist<\/h4>\nAn expert in innovation and strategy, Michael has led strategy consulting firms and start-ups in numerous American industries (food, health, NGOs, philanthropy, automotive). He has also managed design and media agencies. Its &#8216;super power&#8217;: linking design, innovation and identity to the company&#8217;s commercial strategy through its marketing mix. Michael is an expert in \u201cfranglais\u201d.<br>\n<strong>Expertise: innovation, strategy, marketing mix. <\/strong><br>\n<strong>Experience: + 25 years<\/strong>\n<strong><a href=\"https:\/\/www.allioassociates.com\" target=\"_blank\" rel=\"noopener\">allioassociates.com<\/a><\/strong>\n<\/div>\n<div class=\"photo\">\n<img loading=\"lazy\" src=\"https:\/\/ihatedesign.io\/wp-content\/uploads\/2023\/02\/innovation-strategie-michael_allio-02-L.jpg\" width=\"768\" height=\"791\" alt=\"Michael Allio - Expert en strat\u00e9gie et innovation\">\n<\/div>\n<\/div>\n\n\n\n<div class=\"equipe\">\n<div class=\"description\">\n<h3>Thierry TRIOLIER<\/h3>\n<h4>Industrial Designer<\/h4>\nBeing convinced of the need to provide concrete answers to current challenges, Thierry applies his engineering skills (18 years in the industrial sector) to responsible design. Thierry brings his technical expertise acquired with a range of materials (steel, aluminum, glass and wood) to I Hate Design projects, from his own studio but also within a \u201cReDesigners\u201d collective which Marc is also part of.<br>\n<strong>Expertise: furniture, products, Design Office<\/strong><br>\n<strong>Experience: + 20 years<\/strong><br>\n<strong><a href=\"https:\/\/rdp-design.fr\/\" target=\"_blank\" rel=\"noopener\">rdp-design.fr<\/a><\/strong>\n<\/div>\n<div class=\"photo\">\n<img loading=\"lazy\" src=\"https:\/\/ihatedesign.io\/wp-content\/uploads\/2023\/01\/designer_industriel-thierry_triolier-01-L-1.jpg\" width=\"768\" height=\"791\" alt=\"Thierry Triolier - Designer Industriel\">\n<\/div>\n<\/div>\n\n\n\n<div class=\"equipe\">\n<div class=\"description\">\n<h3>Maud MORETTON<\/h3>\n<h4>Graphic Designer<\/h4>\nMaud defines and refines a brand\u2019s visual identity and develops a strategic stance based on its history and its values. She has the unique ability to construct as many images and universes as there are stories to communicate, and to turn feelings and the intangible into visual representations.<br>\n<strong>Expertise: logo, identity, brochure, space design<\/strong><br>\n<strong>Experience: + 20 years<\/strong>\n<\/div>\n<div class=\"photo\">\n<img loading=\"lazy\" src=\"https:\/\/ihatedesign.io\/wp-content\/uploads\/2023\/01\/designer_graphique-maud-moretton-01-L-1.jpg\" alt=\"Maud Moretton - Designer Graphique\" width=\"768\" height=\"791\">\n<\/div>\n<\/div>\n\n\n\n<div class=\"equipe\">\n<div class=\"description\">\n<h3>Luc BONNOT<\/h3>\n<h4>Industrial Designer<\/h4>\nExtensive experience in Automotive Design and attention to detail acquired in the Luxury Sector have enabled Luc to acquire a pragmatic outlook revolving around quality and efficiency. Being specialized in digital creative tools and an expert in 3D modeling, Luc is now a much in demand freelancer.<br>\n<strong>Expertise: Alias 3D, Key Shot, Maya, Substance<\/strong><br>\n<strong>Experience: + 25 years<\/strong>\n<\/div>\n<div class=\"photo\">\n<img loading=\"lazy\" src=\"https:\/\/ihatedesign.io\/wp-content\/uploads\/2023\/01\/designer-industriel-luc-bonnot-01-L-1.jpg\" width=\"768\" height=\"791\" alt=\"Luc Bonnot - Designer Industriel\">\n<\/div>\n<\/div>\n\n\n\n<div class=\"equipe\">\n<div class=\"description\">\n<h3>Ga\u00ebtan ROBERT<\/h3>\n<h4>3D and Motion Designer<\/h4>\nGa\u00ebtan is a motion design and 3D expert with a solid background in graphic design (\u00c9cole \u00c9mile-Cohl). His ability to rapidly gain a 360\u00b0 perspective of communication projects make his input truly invaluable.<br>\n<strong>Expertise: Maya, Blender, 3DS Max, After Effects<\/strong><br>\n<strong>Experience: + 20 years<\/strong>\n<\/div>\n<div class=\"photo\">\n<img loading=\"lazy\" src=\"https:\/\/ihatedesign.io\/wp-content\/uploads\/2023\/01\/designer_3d-gaetan_robert-01-L-2.jpg\" width=\"768\" height=\"791\" alt=\"Ga\u00ebtan Robert - Designer 3D \/ Motion\">\n<\/div>\n<\/div>\n\n\n\n<div class=\"equipe\">\n<div class=\"description\">\n<h3>Nicolas LAFAY<\/h3>\n<h4>Web Designer<\/h4>\nNicolas is a web designer and photographer. He is involved in all stages of Web project management from hosting to adding the final touches including work on databases and UX-UI integration. Nicolas also draws on his experience as an events and extreme sports photographer, resulting in a unique web-project perspective.<br>\n<strong>Expertise: PHP, Java-Script, HTML, CSS, WordPress, Elementor<br>Lightroom, Photoshop<\/strong><br>\n<strong>Experience: + 20 years<\/strong>\n<\/div>\n<div class=\"photo\">\n<img loading=\"lazy\" src=\"https:\/\/ihatedesign.io\/wp-content\/uploads\/2023\/01\/designer-web-nicolas-lafay-02.jpg\" width=\"768\" height=\"791\" alt=\"Nicolas Lafay - Designer Web\">\n<\/div>\n<\/div>\n\n\n\n<div class=\"equipe\">\n<div class=\"description\">\n<h3>Beno\u00eet FOURNIER-MOTTET<\/h3>\n<h4>Furniture Designer<\/h4>\nBeno\u00eet leads many participatory design projects. It defends an eco-responsible and inclusive design towards users with a strong social added value to create services, urban developments or sustainable products. Beno\u00eet has been collaborating for 4 years with Atelier Emma\u00fcs on furniture design projects, combining circular economy and service design for several social landlords.<br>\n<strong>Expertise: furniture design, participatory design, eco-responsible project<\/strong><br>\n<strong>Experience: + 15 years<\/strong><br>\n<strong><a href=\"https:\/\/www.beodesign.fr\/\" target=\"_blank\" rel=\"noopener\">beodesign.fr<\/a><\/strong>\n<\/div>\n<div class=\"photo\">\n<img loading=\"lazy\" src=\"https:\/\/ihatedesign.io\/wp-content\/uploads\/2023\/01\/designer-mobilier-benoit-fournier-mottet-01-L-2.jpg\" width=\"768\" height=\"791\" alt=\"Beno\u00eet Fournier-Mottet - Designer de mobilier\">\n<\/div>\n<\/div>\n\n\n\n<div class=\"equipe\">\n<div class=\"description\">\n<h3>Olivier DELEAGE<\/h3>\n<h4>Photographer \u2013 Video Editor<\/h4>\nOlivier has worked for and managed several photography studios. He oversees the entire production process: outdoor photography, studio photography, fashion, modelling, and has also made several films for governmental organizations. Olivier is a keen art enthusiast and has opened a gallery in Lyon.<br>\n<strong>Expertise: outdoor photography, studio photography, packshot, video<\/strong><br>\n<strong>Experience: +  years<\/strong><br>\n<strong>Exp\u00e9rience : + 25 ans<\/strong><br>\n<strong><a href=\"https:\/\/www.galeriemetamorphik.com\/book\" target=\"_blank\" rel=\"noopener\">Portfolio<\/a><\/strong>\n<\/div>\n<div class=\"photo\">\n<img loading=\"lazy\" src=\"https:\/\/ihatedesign.io\/wp-content\/uploads\/2023\/02\/photographe-olivier-deleage-01-L.jpg\" width=\"768\" height=\"791\" alt=\"Olivier Del\u00e9age - Photographe - Vid\u00e9aste\">\n<\/div>\n<\/div>\n\n\n\n<div class=\"equipe\">\n<div class=\"description\">\n<h3>Dominique PARET<\/h3>\n<h4>Innovation and Financial Expert<\/h4>\nHaving graduated from the Institut Mines T\u00e9l\u00e9com and followed a career in finance then the digital sector, Dominique became a Project Director for the local authorities [Collectivit\u00e9s territoriales] working alongside the Management Board and specialized in providing support to startups. He is currently General Director of Cit\u00e9 Services, a subsidiary of the Cit\u00e9 du Design.<br>\n<strong>Expertise: management, innovation, business model<\/strong><br>\n<strong>Exp\u00e9rience : + 25 ans<\/strong><br>\n<strong><a href=\"https:\/\/www.cite-services.fr\/\" target=\"_blank\" rel=\"noopener\">cite-services.fr<\/a><\/strong>\n<\/div>\n<div class=\"photo\">\n<img loading=\"lazy\" src=\"https:\/\/ihatedesign.io\/wp-content\/uploads\/2023\/02\/innovation-finances-dominique-paret-1-L.jpg\" width=\"768\" height=\"791\" alt=\"Dominique Paret - Expert Innovation &amp; Finances\">\n<\/div>\n<\/div>\n\n\n\n<div class=\"equipe\">\n<div class=\"description\">\n<h3>DESIGNERS +<\/h3>\n<h4>Network of Designers in the AURA region<\/h4>\nI Hate Design is part of the Designers+ network and Marc is a Member of the Board. Since its creation in 2007, Designers + has become a renowned designers\u2019 hub in the Auvergne-Rh\u00f4ne-Alpes (AURA) region. Being located in Saint-Etienne, the French design capital, Designers+ brings together a range of graphic, product, services, furniture and spatial design experts. <br>\n<strong>Expertise: graphics, products, UX-UI, textiles\u2026<\/strong><br>\n<strong>Created in 2007<\/strong><br>\n<strong><a href=\"https:\/\/designersplus.fr\/\/\" target=\"_blank\" rel=\"noopener\">designersplus.fr<\/a><\/strong>\n<\/div>\n<div class=\"photo\">\n<img loading=\"lazy\" src=\"https:\/\/ihatedesign.io\/wp-content\/uploads\/2023\/02\/designers-logo-01-L.jpg\" width=\"768\" height=\"791\" alt=\"R\u00e9seau Designers+\">\n<\/div>\n<\/div>\n","protected":false},"excerpt":{"rendered":"<p>I Hate Design Agency (IHD) helps to provide assistance to start-ups and SMEs where they need it most, due to their restricted size. The agency thus enables these companies to benefit from the services of a Design Director and an approach to design management whose success stems from the fostering of long-term partnerships. We firmly [&hellip;]<\/p>\n","protected":false},"author":2,"featured_media":786,"parent":0,"menu_order":0,"comment_status":"closed","ping_status":"closed","template":"","meta":{"_uag_custom_page_level_css":""},"yoast_head":"<!-- This site is optimized with the Yoast SEO plugin v20.1 - https:\/\/yoast.com\/wordpress\/plugins\/seo\/ -->\n<title>Global Design Agency - I Hate Design<\/title>\n<meta name=\"robots\" content=\"index, follow, max-snippet:-1, max-image-preview:large, max-video-preview:-1\" \/>\n<link rel=\"canonical\" href=\"https:\/\/ihatedesign.io\/en\/global-design-agency\/\" \/>\n<meta property=\"og:locale\" content=\"en_US\" \/>\n<meta property=\"og:type\" content=\"article\" \/>\n<meta property=\"og:title\" content=\"Global Design Agency - I Hate Design\" \/>\n<meta property=\"og:description\" content=\"I Hate Design Agency (IHD) helps to provide assistance to start-ups and SMEs where they need it most, due to their restricted size. The agency thus enables these companies to benefit from the services of a Design Director and an approach to design management whose success stems from the fostering of long-term partnerships. We firmly [&hellip;]\" \/>\n<meta property=\"og:url\" content=\"https:\/\/ihatedesign.io\/en\/global-design-agency\/\" \/>\n<meta property=\"og:site_name\" content=\"I Hate Design\" \/>\n<meta property=\"article:modified_time\" content=\"2023-02-08T19:02:18+00:00\" \/>\n<meta property=\"og:image\" content=\"https:\/\/ihatedesign.io\/wp-content\/uploads\/2015\/10\/ihd-ihatedesign-services-11.png\" \/>\n\t<meta property=\"og:image:width\" content=\"1200\" \/>\n\t<meta property=\"og:image:height\" content=\"1200\" \/>\n\t<meta property=\"og:image:type\" content=\"image\/png\" \/>\n<meta name=\"twitter:card\" content=\"summary_large_image\" \/>\n<meta name=\"twitter:site\" content=\"@MarcMOLON\" \/>\n<meta name=\"twitter:label1\" content=\"Est. reading time\" \/>\n\t<meta name=\"twitter:data1\" content=\"8 minutes\" \/>\n<script type=\"application\/ld+json\" class=\"yoast-schema-graph\">{\"@context\":\"https:\/\/schema.org\",\"@graph\":[{\"@type\":\"WebPage\",\"@id\":\"https:\/\/ihatedesign.io\/en\/global-design-agency\/\",\"url\":\"https:\/\/ihatedesign.io\/en\/global-design-agency\/\",\"name\":\"Global Design Agency - I Hate Design\",\"isPartOf\":{\"@id\":\"https:\/\/ihatedesign.io\/#website\"},\"datePublished\":\"2023-02-01T10:52:17+00:00\",\"dateModified\":\"2023-02-08T19:02:18+00:00\",\"breadcrumb\":{\"@id\":\"https:\/\/ihatedesign.io\/en\/global-design-agency\/#breadcrumb\"},\"inLanguage\":\"en-US\",\"potentialAction\":[{\"@type\":\"ReadAction\",\"target\":[\"https:\/\/ihatedesign.io\/en\/global-design-agency\/\"]}]},{\"@type\":\"BreadcrumbList\",\"@id\":\"https:\/\/ihatedesign.io\/en\/global-design-agency\/#breadcrumb\",\"itemListElement\":[{\"@type\":\"ListItem\",\"position\":1,\"name\":\"Accueil\",\"item\":\"https:\/\/ihatedesign.io\/en\/\"},{\"@type\":\"ListItem\",\"position\":2,\"name\":\"Global Design Agency\"}]},{\"@type\":\"WebSite\",\"@id\":\"https:\/\/ihatedesign.io\/#website\",\"url\":\"https:\/\/ihatedesign.io\/\",\"name\":\"I Hate Design\",\"description\":\"Design director services\",\"potentialAction\":[{\"@type\":\"SearchAction\",\"target\":{\"@type\":\"EntryPoint\",\"urlTemplate\":\"https:\/\/ihatedesign.io\/?s={search_term_string}\"},\"query-input\":\"required name=search_term_string\"}],\"inLanguage\":\"en-US\"}]}<\/script>\n<!-- \/ Yoast SEO plugin. -->","yoast_head_json":{"title":"Global Design Agency - I Hate Design","robots":{"index":"index","follow":"follow","max-snippet":"max-snippet:-1","max-image-preview":"max-image-preview:large","max-video-preview":"max-video-preview:-1"},"canonical":"https:\/\/ihatedesign.io\/en\/global-design-agency\/","og_locale":"en_US","og_type":"article","og_title":"Global Design Agency - I Hate Design","og_description":"I Hate Design Agency (IHD) helps to provide assistance to start-ups and SMEs where they need it most, due to their restricted size. The agency thus enables these companies to benefit from the services of a Design Director and an approach to design management whose success stems from the fostering of long-term partnerships. We firmly [&hellip;]","og_url":"https:\/\/ihatedesign.io\/en\/global-design-agency\/","og_site_name":"I Hate Design","article_modified_time":"2023-02-08T19:02:18+00:00","og_image":[{"width":1200,"height":1200,"url":"https:\/\/ihatedesign.io\/wp-content\/uploads\/2015\/10\/ihd-ihatedesign-services-11.png","type":"image\/png"}],"twitter_card":"summary_large_image","twitter_site":"@MarcMOLON","twitter_misc":{"Est. reading time":"8 minutes"},"schema":{"@context":"https:\/\/schema.org","@graph":[{"@type":"WebPage","@id":"https:\/\/ihatedesign.io\/en\/global-design-agency\/","url":"https:\/\/ihatedesign.io\/en\/global-design-agency\/","name":"Global Design Agency - I Hate Design","isPartOf":{"@id":"https:\/\/ihatedesign.io\/#website"},"datePublished":"2023-02-01T10:52:17+00:00","dateModified":"2023-02-08T19:02:18+00:00","breadcrumb":{"@id":"https:\/\/ihatedesign.io\/en\/global-design-agency\/#breadcrumb"},"inLanguage":"en-US","potentialAction":[{"@type":"ReadAction","target":["https:\/\/ihatedesign.io\/en\/global-design-agency\/"]}]},{"@type":"BreadcrumbList","@id":"https:\/\/ihatedesign.io\/en\/global-design-agency\/#breadcrumb","itemListElement":[{"@type":"ListItem","position":1,"name":"Accueil","item":"https:\/\/ihatedesign.io\/en\/"},{"@type":"ListItem","position":2,"name":"Global Design Agency"}]},{"@type":"WebSite","@id":"https:\/\/ihatedesign.io\/#website","url":"https:\/\/ihatedesign.io\/","name":"I Hate Design","description":"Design director services","potentialAction":[{"@type":"SearchAction","target":{"@type":"EntryPoint","urlTemplate":"https:\/\/ihatedesign.io\/?s={search_term_string}"},"query-input":"required name=search_term_string"}],"inLanguage":"en-US"}]}},"uagb_featured_image_src":{"full":["https:\/\/ihatedesign.io\/wp-content\/uploads\/2015\/10\/ihd-ihatedesign-services-11.png",1200,1200,false],"thumbnail":["https:\/\/ihatedesign.io\/wp-content\/uploads\/2015\/10\/ihd-ihatedesign-services-11-150x150.png",150,150,true],"medium":["https:\/\/ihatedesign.io\/wp-content\/uploads\/2015\/10\/ihd-ihatedesign-services-11-300x300.png",300,300,true],"medium_large":["https:\/\/ihatedesign.io\/wp-content\/uploads\/2015\/10\/ihd-ihatedesign-services-11.png",620,620,false],"large":["https:\/\/ihatedesign.io\/wp-content\/uploads\/2015\/10\/ihd-ihatedesign-services-11-1024x1024.png",620,620,true],"1536x1536":["https:\/\/ihatedesign.io\/wp-content\/uploads\/2015\/10\/ihd-ihatedesign-services-11.png",1200,1200,false],"2048x2048":["https:\/\/ihatedesign.io\/wp-content\/uploads\/2015\/10\/ihd-ihatedesign-services-11.png",1200,1200,false],"post-thumbnail":["https:\/\/ihatedesign.io\/wp-content\/uploads\/2015\/10\/ihd-ihatedesign-services-11-140x140.png",140,140,true],"sml-thumbnail":["https:\/\/ihatedesign.io\/wp-content\/uploads\/2015\/10\/ihd-ihatedesign-services-11-50x50.png",50,50,true],"post-feat":["https:\/\/ihatedesign.io\/wp-content\/uploads\/2015\/10\/ihd-ihatedesign-services-11.png",1200,1200,false],"port-full":["https:\/\/ihatedesign.io\/wp-content\/uploads\/2015\/10\/ihd-ihatedesign-services-11.png",1200,1200,false],"port-grid":["https:\/\/ihatedesign.io\/wp-content\/uploads\/2015\/10\/ihd-ihatedesign-services-11-625x625.png",625,625,true],"port-grid@2x":["https:\/\/ihatedesign.io\/wp-content\/uploads\/2015\/10\/ihd-ihatedesign-services-11.png",1200,1200,false],"port-grid-mobile":["https:\/\/ihatedesign.io\/wp-content\/uploads\/2015\/10\/ihd-ihatedesign-services-11-375x375.png",375,375,true],"grid-feat":["https:\/\/ihatedesign.io\/wp-content\/uploads\/2015\/10\/ihd-ihatedesign-services-11-500x500.png",500,500,true]},"uagb_author_info":{"display_name":"Marc Molon","author_link":"https:\/\/ihatedesign.io\/en\/author\/marcihdmolon\/"},"uagb_comment_info":0,"uagb_excerpt":"I Hate Design Agency (IHD) helps to provide assistance to start-ups and SMEs where they need it most, due to their restricted size. The agency thus enables these companies to benefit from the services of a Design Director and an approach to design management whose success stems from the fostering of long-term partnerships. We firmly&hellip;","_links":{"self":[{"href":"https:\/\/ihatedesign.io\/en\/wp-json\/wp\/v2\/pages\/2118"}],"collection":[{"href":"https:\/\/ihatedesign.io\/en\/wp-json\/wp\/v2\/pages"}],"about":[{"href":"https:\/\/ihatedesign.io\/en\/wp-json\/wp\/v2\/types\/page"}],"author":[{"embeddable":true,"href":"https:\/\/ihatedesign.io\/en\/wp-json\/wp\/v2\/users\/2"}],"replies":[{"embeddable":true,"href":"https:\/\/ihatedesign.io\/en\/wp-json\/wp\/v2\/comments?post=2118"}],"version-history":[{"count":38,"href":"https:\/\/ihatedesign.io\/en\/wp-json\/wp\/v2\/pages\/2118\/revisions"}],"predecessor-version":[{"id":2466,"href":"https:\/\/ihatedesign.io\/en\/wp-json\/wp\/v2\/pages\/2118\/revisions\/2466"}],"wp:featuredmedia":[{"embeddable":true,"href":"https:\/\/ihatedesign.io\/en\/wp-json\/wp\/v2\/media\/786"}],"wp:attachment":[{"href":"https:\/\/ihatedesign.io\/en\/wp-json\/wp\/v2\/media?parent=2118"}],"curies":[{"name":"wp","href":"https:\/\/api.w.org\/{rel}","templated":true}]}}